{"id":6352,"date":"2024-09-19T22:10:05","date_gmt":"2024-09-19T22:10:05","guid":{"rendered":"https:\/\/victoriafurtuna.md\/?page_id=6352"},"modified":"2025-04-04T21:20:23","modified_gmt":"2025-04-04T21:20:23","slug":"cardul-de-acasa","status":"publish","type":"page","link":"https:\/\/victoriafurtuna.md\/md\/cardul-de-acasa\/","title":{"rendered":"Cardul de acas\u0103"},"content":{"rendered":"\t\t<div data-elementor-type=\"wp-page\" data-elementor-id=\"6352\" class=\"elementor elementor-6352\">\n\t\t\t\t\t\t<section class=\"elementor-section elementor-top-section elementor-element elementor-element-3ec5808 elementor-section-boxed elementor-section-height-default elementor-section-height-default\" data-id=\"3ec5808\" data-element_type=\"section\">\n\t\t\t\t\t\t<div class=\"elementor-container elementor-column-gap-default\">\n\t\t\t\t\t<div class=\"elementor-column elementor-col-100 elementor-top-column elementor-element elementor-element-e920b58\" data-id=\"e920b58\" data-element_type=\"column\">\n\t\t\t<div class=\"elementor-widget-wrap elementor-element-populated\">\n\t\t\t\t\t\t<div class=\"elementor-element elementor-element-1ea95bd elementor-widget elementor-widget-image-gallery\" data-id=\"1ea95bd\" data-element_type=\"widget\" data-widget_type=\"image-gallery.default\">\n\t\t\t\t<div class=\"elementor-widget-container\">\n\t\t\t\t\t<div class=\"elementor-image-gallery\">\n\t\t\t<div id='gallery-1' class='gallery galleryid-6352 gallery-columns-1 gallery-size-full'><figure class='gallery-item'>\n\t\t\t<div class='gallery-icon portrait'>\n\t\t\t\t<a data-elementor-open-lightbox=\"yes\" data-elementor-lightbox-slideshow=\"1ea95bd\" data-e-action-hash=\"#elementor-action%3Aaction%3Dlightbox%26settings%3DeyJpZCI6Njg2MiwidXJsIjoiaHR0cHM6XC9cL3ZpY3RvcmlhZnVydHVuYS5tZFwvd3AtY29udGVudFwvdXBsb2Fkc1wvMjAyNFwvMDlcL0NBUkRVTC1ERS1BQ0FTQS0xLnBuZyIsInNsaWRlc2hvdyI6IjFlYTk1YmQifQ%3D%3D\" href='https:\/\/victoriafurtuna.md\/wp-content\/uploads\/2024\/09\/CARDUL-DE-ACASA-1.png'><img fetchpriority=\"high\" decoding=\"async\" width=\"1654\" height=\"2339\" src=\"https:\/\/victoriafurtuna.md\/wp-content\/uploads\/2024\/09\/CARDUL-DE-ACASA-1.png\" class=\"attachment-full size-full\" alt=\"\" srcset=\"https:\/\/victoriafurtuna.md\/wp-content\/uploads\/2024\/09\/CARDUL-DE-ACASA-1.png 1654w, https:\/\/victoriafurtuna.md\/wp-content\/uploads\/2024\/09\/CARDUL-DE-ACASA-1-212x300.png 212w, https:\/\/victoriafurtuna.md\/wp-content\/uploads\/2024\/09\/CARDUL-DE-ACASA-1-724x1024.png 724w, https:\/\/victoriafurtuna.md\/wp-content\/uploads\/2024\/09\/CARDUL-DE-ACASA-1-768x1086.png 768w, https:\/\/victoriafurtuna.md\/wp-content\/uploads\/2024\/09\/CARDUL-DE-ACASA-1-1086x1536.png 1086w, https:\/\/victoriafurtuna.md\/wp-content\/uploads\/2024\/09\/CARDUL-DE-ACASA-1-1448x2048.png 1448w, https:\/\/victoriafurtuna.md\/wp-content\/uploads\/2024\/09\/CARDUL-DE-ACASA-1-8x12.png 8w, https:\/\/victoriafurtuna.md\/wp-content\/uploads\/2024\/09\/CARDUL-DE-ACASA-1-600x848.png 600w\" sizes=\"(max-width: 1654px) 100vw, 1654px\" \/><\/a>\n\t\t\t<\/div><\/figure><figure class='gallery-item'>\n\t\t\t<div class='gallery-icon portrait'>\n\t\t\t\t<a data-elementor-open-lightbox=\"yes\" data-elementor-lightbox-slideshow=\"1ea95bd\" data-e-action-hash=\"#elementor-action%3Aaction%3Dlightbox%26settings%3DeyJpZCI6Njg2MSwidXJsIjoiaHR0cHM6XC9cL3ZpY3RvcmlhZnVydHVuYS5tZFwvd3AtY29udGVudFwvdXBsb2Fkc1wvMjAyNFwvMDlcL0NBUkRVTC1ERS1BQ0FTQS0yLnBuZyIsInNsaWRlc2hvdyI6IjFlYTk1YmQifQ%3D%3D\" href='https:\/\/victoriafurtuna.md\/wp-content\/uploads\/2024\/09\/CARDUL-DE-ACASA-2.png'><img decoding=\"async\" width=\"1654\" height=\"2339\" src=\"https:\/\/victoriafurtuna.md\/wp-content\/uploads\/2024\/09\/CARDUL-DE-ACASA-2.png\" class=\"attachment-full size-full\" alt=\"\" srcset=\"https:\/\/victoriafurtuna.md\/wp-content\/uploads\/2024\/09\/CARDUL-DE-ACASA-2.png 1654w, https:\/\/victoriafurtuna.md\/wp-content\/uploads\/2024\/09\/CARDUL-DE-ACASA-2-212x300.png 212w, https:\/\/victoriafurtuna.md\/wp-content\/uploads\/2024\/09\/CARDUL-DE-ACASA-2-724x1024.png 724w, https:\/\/victoriafurtuna.md\/wp-content\/uploads\/2024\/09\/CARDUL-DE-ACASA-2-768x1086.png 768w, https:\/\/victoriafurtuna.md\/wp-content\/uploads\/2024\/09\/CARDUL-DE-ACASA-2-1086x1536.png 1086w, https:\/\/victoriafurtuna.md\/wp-content\/uploads\/2024\/09\/CARDUL-DE-ACASA-2-1448x2048.png 1448w, https:\/\/victoriafurtuna.md\/wp-content\/uploads\/2024\/09\/CARDUL-DE-ACASA-2-8x12.png 8w, https:\/\/victoriafurtuna.md\/wp-content\/uploads\/2024\/09\/CARDUL-DE-ACASA-2-600x848.png 600w\" sizes=\"(max-width: 1654px) 100vw, 1654px\" \/><\/a>\n\t\t\t<\/div><\/figure>\n\t\t<\/div>\n\t\t<\/div>\n\t\t\t\t<\/div>\n\t\t\t\t<\/div>\n\t\t\t\t<div class=\"elementor-element elementor-element-cee20ff elementor-widget elementor-widget-elementskit-button\" data-id=\"cee20ff\" data-element_type=\"widget\" data-widget_type=\"elementskit-button.default\">\n\t\t\t\t<div class=\"elementor-widget-container\">\n\t\t\t<div class=\"ekit-wid-con\" >\t\t<div class=\"ekit-btn-wraper\">\n\t\t\t\t\t\t\t<a href=\"https:\/\/victoriafurtuna.md\/wp-content\/uploads\/2024\/09\/CARDUL-DE-ACASA.pdf\" target=\"_blank\" class=\"elementskit-btn  whitespace--normal\" id=\"\">\n\t\t\t\t\tDescarc\u0103 PDF\t\t\t\t<\/a>\n\t\t\t\t\t<\/div>\n        <\/div>\t\t<\/div>\n\t\t\t\t<\/div>\n\t\t\t\t\t<\/div>\n\t\t<\/div>\n\t\t\t\t\t<\/div>\n\t\t<\/section>\n\t\t\t\t<\/div>\n\t\t","protected":false},"excerpt":{"rendered":"<p>Descarc\u0103 PDF<\/p>\n","protected":false},"author":1,"featured_media":0,"parent":0,"menu_order":0,"comment_status":"closed","ping_status":"closed","template":"","meta":{"footnotes":""},"class_list":["post-6352","page","type-page","status-publish","hentry"],"yoast_head":"<!-- This site is optimized with the Yoast SEO plugin v23.2 - https:\/\/yoast.com\/wordpress\/plugins\/seo\/ -->\n<title>Cardul de acas\u0103 - Victoria Furtun\u0103<\/title>\n<meta name=\"robots\" content=\"index, follow, max-snippet:-1, max-image-preview:large, max-video-preview:-1\" \/>\n<link rel=\"canonical\" href=\"https:\/\/victoriafurtuna.md\/md\/cardul-de-acasa\/\" \/>\n<meta property=\"og:locale\" content=\"ro_RO\" \/>\n<meta property=\"og:type\" content=\"article\" \/>\n<meta property=\"og:title\" content=\"Cardul de acas\u0103 - Victoria Furtun\u0103\" \/>\n<meta property=\"og:description\" content=\"Descarc\u0103 PDF\" \/>\n<meta property=\"og:url\" content=\"https:\/\/victoriafurtuna.md\/md\/cardul-de-acasa\/\" \/>\n<meta property=\"og:site_name\" content=\"Victoria Furtun\u0103\" \/>\n<meta property=\"article:modified_time\" content=\"2025-04-04T21:20:23+00:00\" \/>\n<meta property=\"og:image\" content=\"https:\/\/victoriafurtuna.md\/wp-content\/uploads\/2024\/09\/CARDUL-DE-ACASA-1.png\" \/>\n<meta name=\"twitter:card\" content=\"summary_large_image\" \/>\n<meta name=\"twitter:label1\" content=\"Timp estimat pentru citire\" \/>\n\t<meta name=\"twitter:data1\" content=\"1 minut\" \/>\n<script type=\"application\/ld+json\" class=\"yoast-schema-graph\">{\"@context\":\"https:\/\/schema.org\",\"@graph\":[{\"@type\":\"WebPage\",\"@id\":\"https:\/\/victoriafurtuna.md\/cardul-de-acasa\/\",\"url\":\"https:\/\/victoriafurtuna.md\/cardul-de-acasa\/\",\"name\":\"Cardul de acas\u0103 - Victoria Furtun\u0103\",\"isPartOf\":{\"@id\":\"https:\/\/victoriafurtuna.md\/#website\"},\"primaryImageOfPage\":{\"@id\":\"https:\/\/victoriafurtuna.md\/cardul-de-acasa\/#primaryimage\"},\"image\":{\"@id\":\"https:\/\/victoriafurtuna.md\/cardul-de-acasa\/#primaryimage\"},\"thumbnailUrl\":\"https:\/\/victoriafurtuna.md\/wp-content\/uploads\/2024\/09\/CARDUL-DE-ACASA-1.png\",\"datePublished\":\"2024-09-19T22:10:05+00:00\",\"dateModified\":\"2025-04-04T21:20:23+00:00\",\"breadcrumb\":{\"@id\":\"https:\/\/victoriafurtuna.md\/cardul-de-acasa\/#breadcrumb\"},\"inLanguage\":\"ro-RO\",\"potentialAction\":[{\"@type\":\"ReadAction\",\"target\":[\"https:\/\/victoriafurtuna.md\/cardul-de-acasa\/\"]}]},{\"@type\":\"ImageObject\",\"inLanguage\":\"ro-RO\",\"@id\":\"https:\/\/victoriafurtuna.md\/cardul-de-acasa\/#primaryimage\",\"url\":\"https:\/\/victoriafurtuna.md\/wp-content\/uploads\/2024\/09\/CARDUL-DE-ACASA-1.png\",\"contentUrl\":\"https:\/\/victoriafurtuna.md\/wp-content\/uploads\/2024\/09\/CARDUL-DE-ACASA-1.png\"},{\"@type\":\"BreadcrumbList\",\"@id\":\"https:\/\/victoriafurtuna.md\/cardul-de-acasa\/#breadcrumb\",\"itemListElement\":[{\"@type\":\"ListItem\",\"position\":1,\"name\":\"Home\",\"item\":\"https:\/\/victoriafurtuna.md\/\"},{\"@type\":\"ListItem\",\"position\":2,\"name\":\"Cardul de acas\u0103\"}]},{\"@type\":\"WebSite\",\"@id\":\"https:\/\/victoriafurtuna.md\/#website\",\"url\":\"https:\/\/victoriafurtuna.md\/\",\"name\":\"Victoria Furtun\u0103\",\"description\":\"\",\"publisher\":{\"@id\":\"https:\/\/victoriafurtuna.md\/#organization\"},\"potentialAction\":[{\"@type\":\"SearchAction\",\"target\":{\"@type\":\"EntryPoint\",\"urlTemplate\":\"https:\/\/victoriafurtuna.md\/?s={search_term_string}\"},\"query-input\":\"required name=search_term_string\"}],\"inLanguage\":\"ro-RO\"},{\"@type\":\"Organization\",\"@id\":\"https:\/\/victoriafurtuna.md\/#organization\",\"name\":\"Victoria Furtun\u0103\",\"url\":\"https:\/\/victoriafurtuna.md\/\",\"logo\":{\"@type\":\"ImageObject\",\"inLanguage\":\"ro-RO\",\"@id\":\"https:\/\/victoriafurtuna.md\/#\/schema\/logo\/image\/\",\"url\":\"https:\/\/victoriafurtuna.md\/wp-content\/uploads\/2024\/07\/Victoria_1800-\u00d7-1094.jpg\",\"contentUrl\":\"https:\/\/victoriafurtuna.md\/wp-content\/uploads\/2024\/07\/Victoria_1800-\u00d7-1094.jpg\",\"width\":1800,\"height\":1094,\"caption\":\"Victoria Furtun\u0103\"},\"image\":{\"@id\":\"https:\/\/victoriafurtuna.md\/#\/schema\/logo\/image\/\"}}]}<\/script>\n<!-- \/ Yoast SEO plugin. -->","yoast_head_json":{"title":"Cardul de acas\u0103 - Victoria Furtun\u0103","robots":{"index":"index","follow":"follow","max-snippet":"max-snippet:-1","max-image-preview":"max-image-preview:large","max-video-preview":"max-video-preview:-1"},"canonical":"https:\/\/victoriafurtuna.md\/md\/cardul-de-acasa\/","og_locale":"ro_RO","og_type":"article","og_title":"Cardul de acas\u0103 - Victoria Furtun\u0103","og_description":"Descarc\u0103 PDF","og_url":"https:\/\/victoriafurtuna.md\/md\/cardul-de-acasa\/","og_site_name":"Victoria Furtun\u0103","article_modified_time":"2025-04-04T21:20:23+00:00","og_image":[{"url":"https:\/\/victoriafurtuna.md\/wp-content\/uploads\/2024\/09\/CARDUL-DE-ACASA-1.png"}],"twitter_card":"summary_large_image","twitter_misc":{"Timp estimat pentru citire":"1 minut"},"schema":{"@context":"https:\/\/schema.org","@graph":[{"@type":"WebPage","@id":"https:\/\/victoriafurtuna.md\/cardul-de-acasa\/","url":"https:\/\/victoriafurtuna.md\/cardul-de-acasa\/","name":"Cardul de acas\u0103 - Victoria Furtun\u0103","isPartOf":{"@id":"https:\/\/victoriafurtuna.md\/#website"},"primaryImageOfPage":{"@id":"https:\/\/victoriafurtuna.md\/cardul-de-acasa\/#primaryimage"},"image":{"@id":"https:\/\/victoriafurtuna.md\/cardul-de-acasa\/#primaryimage"},"thumbnailUrl":"https:\/\/victoriafurtuna.md\/wp-content\/uploads\/2024\/09\/CARDUL-DE-ACASA-1.png","datePublished":"2024-09-19T22:10:05+00:00","dateModified":"2025-04-04T21:20:23+00:00","breadcrumb":{"@id":"https:\/\/victoriafurtuna.md\/cardul-de-acasa\/#breadcrumb"},"inLanguage":"ro-RO","potentialAction":[{"@type":"ReadAction","target":["https:\/\/victoriafurtuna.md\/cardul-de-acasa\/"]}]},{"@type":"ImageObject","inLanguage":"ro-RO","@id":"https:\/\/victoriafurtuna.md\/cardul-de-acasa\/#primaryimage","url":"https:\/\/victoriafurtuna.md\/wp-content\/uploads\/2024\/09\/CARDUL-DE-ACASA-1.png","contentUrl":"https:\/\/victoriafurtuna.md\/wp-content\/uploads\/2024\/09\/CARDUL-DE-ACASA-1.png"},{"@type":"BreadcrumbList","@id":"https:\/\/victoriafurtuna.md\/cardul-de-acasa\/#breadcrumb","itemListElement":[{"@type":"ListItem","position":1,"name":"Home","item":"https:\/\/victoriafurtuna.md\/"},{"@type":"ListItem","position":2,"name":"Cardul de acas\u0103"}]},{"@type":"WebSite","@id":"https:\/\/victoriafurtuna.md\/#website","url":"https:\/\/victoriafurtuna.md\/","name":"Victoria Furtun\u0103","description":"","publisher":{"@id":"https:\/\/victoriafurtuna.md\/#organization"},"potentialAction":[{"@type":"SearchAction","target":{"@type":"EntryPoint","urlTemplate":"https:\/\/victoriafurtuna.md\/?s={search_term_string}"},"query-input":"required name=search_term_string"}],"inLanguage":"ro-RO"},{"@type":"Organization","@id":"https:\/\/victoriafurtuna.md\/#organization","name":"Victoria Furtun\u0103","url":"https:\/\/victoriafurtuna.md\/","logo":{"@type":"ImageObject","inLanguage":"ro-RO","@id":"https:\/\/victoriafurtuna.md\/#\/schema\/logo\/image\/","url":"https:\/\/victoriafurtuna.md\/wp-content\/uploads\/2024\/07\/Victoria_1800-\u00d7-1094.jpg","contentUrl":"https:\/\/victoriafurtuna.md\/wp-content\/uploads\/2024\/07\/Victoria_1800-\u00d7-1094.jpg","width":1800,"height":1094,"caption":"Victoria Furtun\u0103"},"image":{"@id":"https:\/\/victoriafurtuna.md\/#\/schema\/logo\/image\/"}}]}},"_links":{"self":[{"href":"https:\/\/victoriafurtuna.md\/md\/wp-json\/wp\/v2\/pages\/6352"}],"collection":[{"href":"https:\/\/victoriafurtuna.md\/md\/wp-json\/wp\/v2\/pages"}],"about":[{"href":"https:\/\/victoriafurtuna.md\/md\/wp-json\/wp\/v2\/types\/page"}],"author":[{"embeddable":true,"href":"https:\/\/victoriafurtuna.md\/md\/wp-json\/wp\/v2\/users\/1"}],"replies":[{"embeddable":true,"href":"https:\/\/victoriafurtuna.md\/md\/wp-json\/wp\/v2\/comments?post=6352"}],"version-history":[{"count":40,"href":"https:\/\/victoriafurtuna.md\/md\/wp-json\/wp\/v2\/pages\/6352\/revisions"}],"predecessor-version":[{"id":6986,"href":"https:\/\/victoriafurtuna.md\/md\/wp-json\/wp\/v2\/pages\/6352\/revisions\/6986"}],"wp:attachment":[{"href":"https:\/\/victoriafurtuna.md\/md\/wp-json\/wp\/v2\/media?parent=6352"}],"curies":[{"name":"wp","href":"https:\/\/api.w.org\/{rel}","templated":true}]}}